{"id":5607,"date":"2024-01-21T17:16:48","date_gmt":"2024-01-21T16:16:48","guid":{"rendered":"https:\/\/quinorgan.com\/productos\/"},"modified":"2024-03-14T10:12:45","modified_gmt":"2024-03-14T09:12:45","slug":"products","status":"publish","type":"page","link":"https:\/\/quinorgan.com\/en\/products\/","title":{"rendered":"Products"},"content":{"rendered":"<div class=\"wpb-content-wrapper\"><p>[vc_row][vc_column][\/vc_column][\/vc_row][vc_row full_width=&#8221;stretch_row&#8221; content_placement=&#8221;middle&#8221; css=&#8221;.vc_custom_1709878999985{margin-bottom: 0px !important;}&#8221;][vc_column][vc_row_inner content_placement=&#8221;middle&#8221;][vc_column_inner width=&#8221;1\/2&#8243; css=&#8221;.vc_custom_1705853920202{padding-top: 200px !important;padding-bottom: 200px !important;background-image: url(https:\/\/quinorgan.com\/wp-content\/uploads\/2021\/06\/Mesa-de-trabajo-2minim.png?id=2427) !important;background-position: center !important;background-repeat: no-repeat !important;background-size: cover !important;}&#8221;][\/vc_column_inner][vc_column_inner width=&#8221;1\/2&#8243; css=&#8221;.vc_custom_1709879226112{margin-left: 50px !important;}&#8221;][vc_column_text]<\/p>\n<h2><strong><span style=\"color: #000000;\">PHOENIX<\/span><\/strong><\/h2>\n<p>Phoenix\u00a0is a material made with 100% post-consumer raw materials, covered by a GRS certificate, which provides sustainability and can help achieve the goal of 100% ecological footwear.[\/vc_column_text]<style type=\"text\/css\" data-type=\"the7_shortcodes-inline-css\">#default-btn-430cf910d2b458031ecdd5af297627b4.ico-right-side > i {\n  margin-right: 0px;\n  margin-left: 8px;\n}\n#default-btn-430cf910d2b458031ecdd5af297627b4 > i {\n  margin-right: 8px;\n}\n<\/style><a href=\"https:\/\/quinorgan.com\/en\/phoenix\/\" class=\"default-btn-shortcode dt-btn dt-btn-s link-hover-off btn-inline-left \" id=\"default-btn-430cf910d2b458031ecdd5af297627b4\"><span>See the product<\/span><\/a>[\/vc_column_inner][\/vc_row_inner][\/vc_column][\/vc_row][vc_row full_width=&#8221;stretch_row&#8221; rtl_reverse=&#8221;yes&#8221; css=&#8221;.vc_custom_1705854015110{margin-top: 0px !important;margin-bottom: 0px !important;}&#8221;][vc_column][vc_row_inner content_placement=&#8221;middle&#8221;][vc_column_inner width=&#8221;1\/2&#8243;][vc_column_text]<\/p>\n<h2><strong><span style=\"color: #000000;\">DIANA BIO<\/span><\/strong><\/h2>\n<p>Diana Bio is born from Quinorgan&#8217;s best-known product and the one that many customers continue to use today: DIANA.<\/p>\n<p>Apart from its 100% biodegradable content, it is made up of 100% recycled raw materials and renewable sources.[\/vc_column_text]<style type=\"text\/css\" data-type=\"the7_shortcodes-inline-css\">#default-btn-4c2b073a4eac8850381e9ca0655d7a49.ico-right-side > i {\n  margin-right: 0px;\n  margin-left: 8px;\n}\n#default-btn-4c2b073a4eac8850381e9ca0655d7a49 > i {\n  margin-right: 8px;\n}\n<\/style><a href=\"https:\/\/quinorgan.com\/en\/diana-bio\/\" class=\"default-btn-shortcode dt-btn dt-btn-s link-hover-off btn-inline-left \" id=\"default-btn-4c2b073a4eac8850381e9ca0655d7a49\"><span>See the product<\/span><\/a>[\/vc_column_inner][vc_column_inner width=&#8221;1\/2&#8243; css=&#8221;.vc_custom_1705853961297{padding-top: 200px !important;padding-bottom: 200px !important;background-image: url(https:\/\/quinorgan.com\/wp-content\/uploads\/2021\/10\/diana-bio-v3.1-copia-3bo-1.png?id=2709) !important;background-position: center !important;background-repeat: no-repeat !important;background-size: cover !important;}&#8221;][\/vc_column_inner][\/vc_row_inner][\/vc_column][\/vc_row][vc_row full_width=&#8221;stretch_row&#8221; content_placement=&#8221;middle&#8221; css=&#8221;.vc_custom_1709878999985{margin-bottom: 0px !important;}&#8221;][vc_column][vc_row_inner content_placement=&#8221;middle&#8221;][vc_column_inner width=&#8221;1\/2&#8243; css=&#8221;.vc_custom_1709879806593{padding-top: 200px !important;padding-bottom: 200px !important;background-image: url(https:\/\/quinorgan.com\/wp-content\/uploads\/2024\/03\/home-naura.jpg?id=5544) !important;background-position: center !important;background-repeat: no-repeat !important;background-size: cover !important;}&#8221;][\/vc_column_inner][vc_column_inner width=&#8221;1\/2&#8243; css=&#8221;.vc_custom_1709879563500{margin-right: 100px !important;margin-left: 50px !important;}&#8221;][vc_column_text]<\/p>\n<h2><strong><span style=\"color: #000000;\">NATURA<\/span><\/strong><\/h2>\n<p>Innovative line of high-quality, environmentally friendly thermoplastic counters. It incorporates a high content of recycled polymers and its total recyclability (waste is recycled and reprocessed into the same material) minimizes the environmental impact.[\/vc_column_text]<style type=\"text\/css\" data-type=\"the7_shortcodes-inline-css\">#default-btn-1dc1c2be8f8d0d1a446ea2d92158fd72.ico-right-side > i {\n  margin-right: 0px;\n  margin-left: 8px;\n}\n#default-btn-1dc1c2be8f8d0d1a446ea2d92158fd72 > i {\n  margin-right: 8px;\n}\n<\/style><a href=\"https:\/\/quinorgan.com\/en\/natura\/\" class=\"default-btn-shortcode dt-btn dt-btn-s link-hover-off btn-inline-left \" id=\"default-btn-1dc1c2be8f8d0d1a446ea2d92158fd72\"><span>See the product<\/span><\/a>[\/vc_column_inner][\/vc_row_inner][\/vc_column][\/vc_row]<\/p>\n<\/div>","protected":false},"excerpt":{"rendered":"<p>[vc_row][vc_column][\/vc_column][\/vc_row][vc_row full_width=&#8221;stretch_row&#8221; content_placement=&#8221;middle&#8221; css=&#8221;.vc_custom_1709878999985{margin-bottom: 0px !important;}&#8221;][vc_column][vc_row_inner content_placement=&#8221;middle&#8221;][vc_column_inner width=&#8221;1\/2&#8243; css=&#8221;.vc_custom_1705853920202{padding-top: 200px !important;padding-bottom: 200px !important;background-image: url(https:\/\/quinorgan.com\/wp-content\/uploads\/2021\/06\/Mesa-de-trabajo-2minim.png?id=2427) !important;background-position: center !important;background-repeat: no-repeat !important;background-size: cover !important;}&#8221;][\/vc_column_inner][vc_column_inner width=&#8221;1\/2&#8243; css=&#8221;.vc_custom_1709879226112{margin-left: 50px !important;}&#8221;][vc_column_text] PHOENIX Phoenix\u00a0is a material made with 100% post-consumer raw materials, covered by a GRS certificate, which provides sustainability and can help achieve the goal of 100% ecological footwear.[\/vc_column_text][\/vc_column_inner][\/vc_row_inner][\/vc_column][\/vc_row][vc_row full_width=&#8221;stretch_row&#8221; rtl_reverse=&#8221;yes&#8221;&hellip;<\/p>\n","protected":false},"author":1,"featured_media":0,"parent":0,"menu_order":35,"comment_status":"closed","ping_status":"closed","template":"","meta":{"footnotes":""},"class_list":["post-5607","page","type-page","status-publish","hentry","description-off"],"yoast_head":"<!-- This site is optimized with the Yoast SEO plugin v27.2 - https:\/\/yoast.com\/product\/yoast-seo-wordpress\/ -->\n<title>Productos Quinorgan - refuerzos para la fabricaci\u00f3n de calzado<\/title>\n<meta name=\"description\" content=\"Conoce la gama de productos Quinorgan totalmente adaptada a la creaci\u00f3n de tu l\u00ednea de zapatos. Somos especialistas en fabricar taloneras.\" \/>\n<meta name=\"robots\" content=\"index, follow, max-snippet:-1, max-image-preview:large, max-video-preview:-1\" \/>\n<link rel=\"canonical\" href=\"https:\/\/quinorgan.com\/productos\/\" \/>\n<meta property=\"og:locale\" content=\"en_US\" \/>\n<meta property=\"og:type\" content=\"article\" \/>\n<meta property=\"og:title\" content=\"Productos Quinorgan - refuerzos para la fabricaci\u00f3n de calzado\" \/>\n<meta property=\"og:description\" content=\"Conoce la gama de productos Quinorgan totalmente adaptada a la creaci\u00f3n de tu l\u00ednea de zapatos. Somos especialistas en fabricar taloneras.\" \/>\n<meta property=\"og:url\" content=\"https:\/\/quinorgan.com\/productos\/\" \/>\n<meta property=\"og:site_name\" content=\"Quinorgan\" \/>\n<meta property=\"article:modified_time\" content=\"2024-03-14T09:12:45+00:00\" \/>\n<meta name=\"twitter:card\" content=\"summary_large_image\" \/>\n<meta name=\"twitter:label1\" content=\"Est. reading time\" \/>\n\t<meta name=\"twitter:data1\" content=\"1 minute\" \/>\n<script type=\"application\/ld+json\" class=\"yoast-schema-graph\">{\"@context\":\"https:\/\/schema.org\",\"@graph\":[{\"@type\":\"WebPage\",\"@id\":\"https:\/\/quinorgan.com\/productos\/\",\"url\":\"https:\/\/quinorgan.com\/productos\/\",\"name\":\"Productos Quinorgan - refuerzos para la fabricaci\u00f3n de calzado\",\"isPartOf\":{\"@id\":\"https:\/\/quinorgan.com\/#website\"},\"datePublished\":\"2024-01-21T16:16:48+00:00\",\"dateModified\":\"2024-03-14T09:12:45+00:00\",\"description\":\"Conoce la gama de productos Quinorgan totalmente adaptada a la creaci\u00f3n de tu l\u00ednea de zapatos. Somos especialistas en fabricar taloneras.\",\"breadcrumb\":{\"@id\":\"https:\/\/quinorgan.com\/productos\/#breadcrumb\"},\"inLanguage\":\"en-US\",\"potentialAction\":[{\"@type\":\"ReadAction\",\"target\":[\"https:\/\/quinorgan.com\/productos\/\"]}]},{\"@type\":\"BreadcrumbList\",\"@id\":\"https:\/\/quinorgan.com\/productos\/#breadcrumb\",\"itemListElement\":[{\"@type\":\"ListItem\",\"position\":1,\"name\":\"Portada\",\"item\":\"https:\/\/quinorgan.com\/en\/\"},{\"@type\":\"ListItem\",\"position\":2,\"name\":\"Products\"}]},{\"@type\":\"WebSite\",\"@id\":\"https:\/\/quinorgan.com\/#website\",\"url\":\"https:\/\/quinorgan.com\/\",\"name\":\"Quinorgan\",\"description\":\"Feel good chemistry\",\"potentialAction\":[{\"@type\":\"SearchAction\",\"target\":{\"@type\":\"EntryPoint\",\"urlTemplate\":\"https:\/\/quinorgan.com\/?s={search_term_string}\"},\"query-input\":{\"@type\":\"PropertyValueSpecification\",\"valueRequired\":true,\"valueName\":\"search_term_string\"}}],\"inLanguage\":\"en-US\"}]}<\/script>\n<!-- \/ Yoast SEO plugin. -->","yoast_head_json":{"title":"Productos Quinorgan - refuerzos para la fabricaci\u00f3n de calzado","description":"Conoce la gama de productos Quinorgan totalmente adaptada a la creaci\u00f3n de tu l\u00ednea de zapatos. Somos especialistas en fabricar taloneras.","robots":{"index":"index","follow":"follow","max-snippet":"max-snippet:-1","max-image-preview":"max-image-preview:large","max-video-preview":"max-video-preview:-1"},"canonical":"https:\/\/quinorgan.com\/productos\/","og_locale":"en_US","og_type":"article","og_title":"Productos Quinorgan - refuerzos para la fabricaci\u00f3n de calzado","og_description":"Conoce la gama de productos Quinorgan totalmente adaptada a la creaci\u00f3n de tu l\u00ednea de zapatos. Somos especialistas en fabricar taloneras.","og_url":"https:\/\/quinorgan.com\/productos\/","og_site_name":"Quinorgan","article_modified_time":"2024-03-14T09:12:45+00:00","twitter_card":"summary_large_image","twitter_misc":{"Est. reading time":"1 minute"},"schema":{"@context":"https:\/\/schema.org","@graph":[{"@type":"WebPage","@id":"https:\/\/quinorgan.com\/productos\/","url":"https:\/\/quinorgan.com\/productos\/","name":"Productos Quinorgan - refuerzos para la fabricaci\u00f3n de calzado","isPartOf":{"@id":"https:\/\/quinorgan.com\/#website"},"datePublished":"2024-01-21T16:16:48+00:00","dateModified":"2024-03-14T09:12:45+00:00","description":"Conoce la gama de productos Quinorgan totalmente adaptada a la creaci\u00f3n de tu l\u00ednea de zapatos. Somos especialistas en fabricar taloneras.","breadcrumb":{"@id":"https:\/\/quinorgan.com\/productos\/#breadcrumb"},"inLanguage":"en-US","potentialAction":[{"@type":"ReadAction","target":["https:\/\/quinorgan.com\/productos\/"]}]},{"@type":"BreadcrumbList","@id":"https:\/\/quinorgan.com\/productos\/#breadcrumb","itemListElement":[{"@type":"ListItem","position":1,"name":"Portada","item":"https:\/\/quinorgan.com\/en\/"},{"@type":"ListItem","position":2,"name":"Products"}]},{"@type":"WebSite","@id":"https:\/\/quinorgan.com\/#website","url":"https:\/\/quinorgan.com\/","name":"Quinorgan","description":"Feel good chemistry","potentialAction":[{"@type":"SearchAction","target":{"@type":"EntryPoint","urlTemplate":"https:\/\/quinorgan.com\/?s={search_term_string}"},"query-input":{"@type":"PropertyValueSpecification","valueRequired":true,"valueName":"search_term_string"}}],"inLanguage":"en-US"}]}},"_links":{"self":[{"href":"https:\/\/quinorgan.com\/en\/wp-json\/wp\/v2\/pages\/5607","targetHints":{"allow":["GET"]}}],"collection":[{"href":"https:\/\/quinorgan.com\/en\/wp-json\/wp\/v2\/pages"}],"about":[{"href":"https:\/\/quinorgan.com\/en\/wp-json\/wp\/v2\/types\/page"}],"author":[{"embeddable":true,"href":"https:\/\/quinorgan.com\/en\/wp-json\/wp\/v2\/users\/1"}],"replies":[{"embeddable":true,"href":"https:\/\/quinorgan.com\/en\/wp-json\/wp\/v2\/comments?post=5607"}],"version-history":[{"count":3,"href":"https:\/\/quinorgan.com\/en\/wp-json\/wp\/v2\/pages\/5607\/revisions"}],"predecessor-version":[{"id":5729,"href":"https:\/\/quinorgan.com\/en\/wp-json\/wp\/v2\/pages\/5607\/revisions\/5729"}],"wp:attachment":[{"href":"https:\/\/quinorgan.com\/en\/wp-json\/wp\/v2\/media?parent=5607"}],"curies":[{"name":"wp","href":"https:\/\/api.w.org\/{rel}","templated":true}]}}