{"id":3728,"date":"2021-06-21T10:20:18","date_gmt":"2021-06-21T10:20:18","guid":{"rendered":"https:\/\/quinorgan.com\/history\/"},"modified":"2024-03-13T22:39:43","modified_gmt":"2024-03-13T21:39:43","slug":"history","status":"publish","type":"page","link":"https:\/\/quinorgan.com\/en\/history\/","title":{"rendered":"History"},"content":{"rendered":"<div class=\"wpb-content-wrapper\"><p>[vc_row][vc_column width=&#8221;1\/2&#8243;]<div id=\"ultimate-heading-572069efa82b211dc\" class=\"uvc-heading ult-adjust-bottom-margin ultimate-heading-572069efa82b211dc uvc-5583  uvc-heading-default-font-sizes\" data-hspacer=\"no_spacer\"  data-halign=\"left\" style=\"text-align:left\"><div class=\"uvc-heading-spacer no_spacer\" style=\"top\"><\/div><div class=\"uvc-main-heading ult-responsive\"  data-ultimate-target='.uvc-heading.ultimate-heading-572069efa82b211dc h3'  data-responsive-json-new='{\"font-size\":\"\",\"line-height\":\"\"}' ><h3 style=\"--font-weight:theme;\">Four generations of family business<\/h3><\/div><\/div>[vc_separator color=&#8221;custom&#8221; align=&#8221;align_left&#8221; el_width=&#8221;10&#8243; accent_color=&#8221;#59775e&#8221; css=&#8221;.vc_custom_1702600982373{margin-top: 10px !important;margin-bottom: 20px !important;}&#8221;]<div class=\"standard-arrow bullet-top\"><ul>\n<li>In 1929, at the hands of Ram\u00f3n Jov\u00e9 Gamb\u00fas together with his partners, the Campi family, Campi i Jov\u00e9, a chemical materials distributor company, was founded.<\/li>\n<li>In 1933, Dehisa Cedicam was founded and hydrogenation derivatives were manufactured for the first time. In 1955 Quinorgan is founded.<\/li>\n<li>In 1964, Ramon Jov\u00e9 Second generation, took over the different companies and consolidated them.<\/li>\n<li>In 2006 Luis Jov\u00e9 Pons, began his position as CEO expanding the different companies of the group, turning Quinorgan as the flagship.<\/li>\n<\/ul>\n<\/div>[\/vc_column][vc_column width=&#8221;1\/2&#8243;][vc_column_text]<img loading=\"lazy\" decoding=\"async\" class=\"alignnone size-full wp-image-3636 aligncenter\" src=\"https:\/\/quinorgan.com\/wp-content\/uploads\/2021\/12\/bisabuelo-abuelo.jpeg\" alt=\"history family quinorgan\" width=\"2287\" height=\"1587\" srcset=\"https:\/\/quinorgan.com\/wp-content\/uploads\/2021\/12\/bisabuelo-abuelo.jpeg 2287w, https:\/\/quinorgan.com\/wp-content\/uploads\/2021\/12\/bisabuelo-abuelo-300x208.jpeg 300w, https:\/\/quinorgan.com\/wp-content\/uploads\/2021\/12\/bisabuelo-abuelo-1024x711.jpeg 1024w, https:\/\/quinorgan.com\/wp-content\/uploads\/2021\/12\/bisabuelo-abuelo-768x533.jpeg 768w, https:\/\/quinorgan.com\/wp-content\/uploads\/2021\/12\/bisabuelo-abuelo-1536x1066.jpeg 1536w, https:\/\/quinorgan.com\/wp-content\/uploads\/2021\/12\/bisabuelo-abuelo-2048x1421.jpeg 2048w, https:\/\/quinorgan.com\/wp-content\/uploads\/2021\/12\/bisabuelo-abuelo-1080x749.jpeg 1080w, https:\/\/quinorgan.com\/wp-content\/uploads\/2021\/12\/bisabuelo-abuelo-1280x888.jpeg 1280w, https:\/\/quinorgan.com\/wp-content\/uploads\/2021\/12\/bisabuelo-abuelo-980x680.jpeg 980w, https:\/\/quinorgan.com\/wp-content\/uploads\/2021\/12\/bisabuelo-abuelo-480x333.jpeg 480w, https:\/\/quinorgan.com\/wp-content\/uploads\/2021\/12\/bisabuelo-abuelo-24x17.jpeg 24w, https:\/\/quinorgan.com\/wp-content\/uploads\/2021\/12\/bisabuelo-abuelo-36x25.jpeg 36w, https:\/\/quinorgan.com\/wp-content\/uploads\/2021\/12\/bisabuelo-abuelo-48x33.jpeg 48w\" sizes=\"auto, (max-width: 2287px) 100vw, 2287px\" \/>[\/vc_column_text][\/vc_column][\/vc_row][vc_row full_width=&#8221;stretch_row&#8221; bg_type=&#8221;bg_color&#8221; bg_color_value=&#8221;#eaeaea&#8221;][vc_column][vc_row_inner][vc_column_inner width=&#8221;1\/4&#8243;][vc_column_text]<img loading=\"lazy\" decoding=\"async\" class=\"alignnone size-full wp-image-3080\" src=\"https:\/\/quinorgan.com\/wp-content\/uploads\/2021\/10\/ramon_jove.jpg\" alt=\"history\" width=\"431\" height=\"517\" srcset=\"https:\/\/quinorgan.com\/wp-content\/uploads\/2021\/10\/ramon_jove.jpg 431w, https:\/\/quinorgan.com\/wp-content\/uploads\/2021\/10\/ramon_jove-250x300.jpg 250w\" sizes=\"auto, (max-width: 431px) 100vw, 431px\" \/>[\/vc_column_text][vc_column_text]<\/p>\n<h6><strong>Ram\u00f3n Jov\u00e9 (1896 &#8211; 1964)<\/strong><\/h6>\n<h6><strong>History.<\/strong><\/h6>\n<h6><strong>First generation<\/strong><\/h6>\n<p>[\/vc_column_text][\/vc_column_inner][vc_column_inner width=&#8221;3\/4&#8243;][vc_column_text]<span style=\"color: #59775e;\"><strong>1933 &#8211; 1955<\/strong><\/span>[\/vc_column_text][vc_column_text]<\/p>\n<h5>DEHISA Foundation<\/h5>\n<p>[\/vc_column_text][vc_column_text]DEHISA was founded in 1933 and obtained in 1955 the license and the technology to produce adhesives, stops and buttresses in Spain for the footwear market of the German company DEGUSSA. A history of success.[\/vc_column_text][vc_column_text]<span style=\"color: #59775e;\"><strong>1956 &#8211; 1998<\/strong><\/span>[\/vc_column_text][vc_column_text]<\/p>\n<h5>Quinorgan is born, investment in technology and Asian market<\/h5>\n<p>[\/vc_column_text][vc_column_text]In 1956 Quinorgan was born to cover the footwear market while DEHISA continues in paints and plastics. In 1965 the first exports took place that would increase in the following years with the development of Quinorgan\u2019s own technology in 1972, after the withdrawal of Degussa from the footwear market. In 1998 Quinorgan entered the Asian market.[\/vc_column_text][vc_column_text]<span style=\"color: #59775e;\"><strong>2001 &#8211; 2006<\/strong><\/span>[\/vc_column_text][vc_column_text]<\/p>\n<h5>First subsidiaries, first extrusion line and Diana launch<\/h5>\n<p>[\/vc_column_text][vc_column_text]Quinorgan M\u00e9xico was created in 2001, followed in 2005 by Quinorgan DON CHEM INDIA and Quinorgan GAMMA AYAKABBI in Istanbul. Also in 2005, Quinorgan inaugurated its first production line, which it used in 2006 for the launch of the DIANA product, the buttress with more than 20 million m2 per year per extrusion.[\/vc_column_text][vc_column_text]<span style=\"color: #59775e;\"><strong>2010 &#8211; 2016<\/strong><\/span>[\/vc_column_text][vc_column_text]<\/p>\n<h5>New extrusion and expansion lines<\/h5>\n<p>[\/vc_column_text][vc_column_text]Quinorgan acquired its second and third extrusion lines in 2007 and 2010 respectively as well as a fourth in 2016. Quintex Brasil was created in 2014 and Texon Uruguay in 2015. A history of expansion.[\/vc_column_text][\/vc_column_inner][\/vc_row_inner][\/vc_column][\/vc_row][vc_row full_width=&#8221;stretch_row_content_no_spaces&#8221;][vc_column][vc_video link=&#8221;https:\/\/www.youtube.com\/watch?v=kusLpOegsy0&#8243; align=&#8221;center&#8221;][\/vc_column][\/vc_row][vc_row][vc_column]<div id=\"ultimate-heading-19169efa82b2134b\" class=\"uvc-heading ult-adjust-bottom-margin ultimate-heading-19169efa82b2134b uvc-8554  uvc-heading-default-font-sizes\" data-hspacer=\"no_spacer\"  data-halign=\"left\" style=\"text-align:left\"><div class=\"uvc-heading-spacer no_spacer\" style=\"top\"><\/div><div class=\"uvc-main-heading ult-responsive\"  data-ultimate-target='.uvc-heading.ultimate-heading-19169efa82b2134b h3'  data-responsive-json-new='{\"font-size\":\"\",\"line-height\":\"\"}' ><h3 style=\"--font-weight:theme;\">What do we do?<\/h3><\/div><\/div>[vc_separator color=&#8221;custom&#8221; align=&#8221;align_left&#8221; el_width=&#8221;10&#8243; accent_color=&#8221;#59775e&#8221; css=&#8221;.vc_custom_1702600982373{margin-top: 10px !important;margin-bottom: 20px !important;}&#8221;][\/vc_column][\/vc_row][vc_row css=&#8221;.vc_custom_1702616623482{margin-top: 20px !important;}&#8221;][vc_column][vc_row_inner][vc_column_inner width=&#8221;1\/5&#8243;][vc_single_image image=&#8221;2634&#8243; img_size=&#8221;100&#8243; alignment=&#8221;center&#8221;][vc_column_text]<\/p>\n<h5 style=\"text-align: center;\">TOE PUFFS<\/h5>\n<p>[\/vc_column_text][vc_column_text]<\/p>\n<p style=\"text-align: center;\">Wide range of materials to reinforce the toecap of the footwear.<\/p>\n<p>[\/vc_column_text][\/vc_column_inner][vc_column_inner width=&#8221;1\/5&#8243;][vc_single_image image=&#8221;2638&#8243; img_size=&#8221;100&#8243; alignment=&#8221;center&#8221;][vc_column_text]<\/p>\n<h5 style=\"text-align: center;\">COUNTERS<\/h5>\n<p>[\/vc_column_text][vc_column_text]<\/p>\n<p style=\"text-align: center;\">Wide range of materials to reinforce the back of the shoe.<\/p>\n<p>[\/vc_column_text][\/vc_column_inner][vc_column_inner width=&#8221;1\/5&#8243;][vc_single_image image=&#8221;2636&#8243; img_size=&#8221;100&#8243; alignment=&#8221;center&#8221;][vc_column_text]<\/p>\n<h5 style=\"text-align: center;\">MATERIALS<\/h5>\n<p>[\/vc_column_text][vc_column_text]<\/p>\n<p style=\"text-align: center;\">We have a range of reinforcements-materials for footwear and its auxiliary industry.<\/p>\n<p>[\/vc_column_text][\/vc_column_inner][vc_column_inner width=&#8221;1\/5&#8243;][vc_single_image image=&#8221;2632&#8243; img_size=&#8221;100&#8243; alignment=&#8221;center&#8221;][vc_column_text]<\/p>\n<h5 style=\"text-align: center;\">INSOLES<\/h5>\n<p>[\/vc_column_text][vc_column_text]<\/p>\n<p style=\"text-align: center;\">We offer you a complete range of insoles for all types of footwear.<\/p>\n<p>[\/vc_column_text][\/vc_column_inner][vc_column_inner width=&#8221;1\/5&#8243;][vc_single_image image=&#8221;2640&#8243; img_size=&#8221;100&#8243; alignment=&#8221;center&#8221;][vc_column_text]<\/p>\n<h5 style=\"text-align: center;\">ADHESIVES<\/h5>\n<p>[\/vc_column_text][vc_column_text]<\/p>\n<p style=\"text-align: center;\">We present a wide assortment of water-based, solvent-based and hot-melt adhesives.<\/p>\n<p>[\/vc_column_text][\/vc_column_inner][\/vc_row_inner][vc_row_inner][vc_column_inner]<style type=\"text\/css\" data-type=\"the7_shortcodes-inline-css\">#default-btn-c6aaba053b3fcf258552733843846f69.ico-right-side > i {\n  margin-right: 0px;\n  margin-left: 8px;\n}\n#default-btn-c6aaba053b3fcf258552733843846f69 > i {\n  margin-right: 8px;\n}\n<\/style><div class=\"btn-align-center\"><a href=\"https:\/\/quinorgan.com\/en\/products\/\" class=\"default-btn-shortcode dt-btn dt-btn-m link-hover-off  vc_custom_1710365770664\" id=\"default-btn-c6aaba053b3fcf258552733843846f69\"><span>See our products<\/span><\/a><\/div>[\/vc_column_inner][\/vc_row_inner][\/vc_column][\/vc_row][vc_row css=&#8221;.vc_custom_1702616623482{margin-top: 20px !important;}&#8221;][vc_column][vc_row_inner][vc_column_inner width=&#8221;1\/4&#8243;][vc_column_text]<\/p>\n<h2 style=\"text-align: center;\"><span style=\"color: #59775e;\">25M<\/span><\/h2>\n<p>[\/vc_column_text][vc_column_text]<\/p>\n<h6 style=\"text-align: center;\"><strong>TURNOVER<\/strong><\/h6>\n<p>[\/vc_column_text][\/vc_column_inner][vc_column_inner width=&#8221;1\/4&#8243;][vc_column_text]<\/p>\n<h2 style=\"text-align: center;\"><span style=\"color: #59775e;\">75<\/span><\/h2>\n<p>[\/vc_column_text][vc_column_text]<\/p>\n<h6 style=\"text-align: center;\"><strong>WORKERS<\/strong><\/h6>\n<p>[\/vc_column_text][\/vc_column_inner][vc_column_inner width=&#8221;1\/4&#8243;][vc_column_text]<\/p>\n<h2 style=\"text-align: center;\"><span style=\"color: #59775e;\">+50<\/span><\/h2>\n<p>[\/vc_column_text][vc_column_text]<\/p>\n<h6 style=\"text-align: center;\"><strong>COUNTRIES<\/strong><\/h6>\n<p>[\/vc_column_text][\/vc_column_inner][vc_column_inner width=&#8221;1\/4&#8243;][vc_column_text]<\/p>\n<h2 style=\"text-align: center;\"><span style=\"color: #59775e;\">75%<\/span><\/h2>\n<p>[\/vc_column_text][vc_column_text]<\/p>\n<h6 style=\"text-align: center;\"><strong>EXPORTS<\/strong><\/h6>\n<p>[\/vc_column_text][\/vc_column_inner][\/vc_row_inner][\/vc_column][\/vc_row][vc_row css=&#8221;.vc_custom_1709914909405{margin-top: 30px !important;}&#8221;][vc_column][vc_row_inner][vc_column_inner]<div id=\"ultimate-heading-889669efa82b214ef\" class=\"uvc-heading ult-adjust-bottom-margin ultimate-heading-889669efa82b214ef uvc-6872  uvc-heading-default-font-sizes\" data-hspacer=\"no_spacer\"  data-halign=\"left\" style=\"text-align:left\"><div class=\"uvc-heading-spacer no_spacer\" style=\"top\"><\/div><div class=\"uvc-main-heading ult-responsive\"  data-ultimate-target='.uvc-heading.ultimate-heading-889669efa82b214ef h3'  data-responsive-json-new='{\"font-size\":\"\",\"line-height\":\"\"}' ><h3 style=\"--font-weight:theme;\">What do we do?<\/h3><\/div><\/div>[vc_separator color=&#8221;custom&#8221; align=&#8221;align_left&#8221; el_width=&#8221;10&#8243; accent_color=&#8221;#59775e&#8221; css=&#8221;.vc_custom_1702600982373{margin-top: 10px !important;margin-bottom: 20px !important;}&#8221;][vc_toggle title=&#8221;What is the main activity of the company?&#8221;]At Quinorgan we are experts in the manufacture and distribution of a wide variety of sustainable materials for footwear and leather goods.[\/vc_toggle][vc_toggle title=&#8221;Where are the sheets for footwear components manufactured?&#8221;]All its production is carried out in Montcada i Reixac (Barcelona, \u200b\u200bSpain).[\/vc_toggle][vc_toggle title=&#8221;What technology will you use to manufacture your products?&#8221;]We use 3 types of technologies depending on the material: extrusion, coextrusion and impregnation.[\/vc_toggle][vc_toggle title=&#8221;What are your environmental commitments?&#8221;]\u00b7Solar energy: we have different solar energy installations that provide renewable energy and km 0 to the production and storage processes. With this, we save tons of CO2 emissions annually, reducing our environmental footprint.<br \/>\nCurrently, we have photovoltaic panels in the Montcada i Reixac manufacturing plant (Barcelona), as well as in the Aspe (Alicante) delegation, which generate enough energy to maintain our own facilities.<br \/>\n\u00b7Water treatment for subsequent reuse in the production process.<br \/>\n\u00b7Circular economy: we collect the scrap generated by our clients, it is taken to our recycling plant in Aspe (Alicante) where it is subjected to a recycling process, transforming it into pellets. This pellet will be reused in new production processes, giving rise to new products. With this recycling process, we manage to rescue more than 250,000 kilos of waste per year.?[\/vc_toggle][vc_toggle title=&#8221;What countries do you serve?&#8221;]We provide service throughout the world thanks to the different delegations we have in various areas of the world (Mexico, Turkey, India, China and Vietnam).[\/vc_toggle][\/vc_column_inner][\/vc_row_inner][\/vc_column][\/vc_row]<\/p>\n<\/div>","protected":false},"excerpt":{"rendered":"<p>[vc_row][vc_column width=&#8221;1\/2&#8243;][vc_separator color=&#8221;custom&#8221; align=&#8221;align_left&#8221; el_width=&#8221;10&#8243; accent_color=&#8221;#59775e&#8221; css=&#8221;.vc_custom_1702600982373{margin-top: 10px !important;margin-bottom: 20px !important;}&#8221;][\/vc_column][vc_column width=&#8221;1\/2&#8243;][vc_column_text][\/vc_column_text][\/vc_column][\/vc_row][vc_row full_width=&#8221;stretch_row&#8221; bg_type=&#8221;bg_color&#8221; bg_color_value=&#8221;#eaeaea&#8221;][vc_column][vc_row_inner][vc_column_inner width=&#8221;1\/4&#8243;][vc_column_text][\/vc_column_text][vc_column_text] Ram\u00f3n Jov\u00e9 (1896 &#8211; 1964) History. First generation [\/vc_column_text][\/vc_column_inner][vc_column_inner width=&#8221;3\/4&#8243;][vc_column_text]1933 &#8211; 1955[\/vc_column_text][vc_column_text] DEHISA Foundation [\/vc_column_text][vc_column_text]DEHISA was founded in 1933 and obtained in 1955 the license and the technology to produce adhesives, stops and buttresses in Spain for the footwear&hellip;<\/p>\n","protected":false},"author":1,"featured_media":4155,"parent":0,"menu_order":10,"comment_status":"closed","ping_status":"closed","template":"","meta":{"footnotes":""},"class_list":["post-3728","page","type-page","status-publish","has-post-thumbnail","hentry","description-off"],"yoast_head":"<!-- This site is optimized with the Yoast SEO plugin v27.2 - https:\/\/yoast.com\/product\/yoast-seo-wordpress\/ -->\n<title>History - Four generations of family business<\/title>\n<meta name=\"description\" content=\"History. In 1929, Ram\u00f3n Jov\u00e9 together with his partners, the Campi family, Campi i Jov\u00e9, a chemical materials distributor company, was found\" \/>\n<meta name=\"robots\" content=\"index, follow, max-snippet:-1, max-image-preview:large, max-video-preview:-1\" \/>\n<link rel=\"canonical\" href=\"https:\/\/quinorgan.com\/en\/history\/\" \/>\n<meta property=\"og:locale\" content=\"en_US\" \/>\n<meta property=\"og:type\" content=\"article\" \/>\n<meta property=\"og:title\" content=\"History - Four generations of family business\" \/>\n<meta property=\"og:description\" content=\"History. In 1929, Ram\u00f3n Jov\u00e9 together with his partners, the Campi family, Campi i Jov\u00e9, a chemical materials distributor company, was found\" \/>\n<meta property=\"og:url\" content=\"https:\/\/quinorgan.com\/en\/history\/\" \/>\n<meta property=\"og:site_name\" content=\"Quinorgan\" \/>\n<meta property=\"article:modified_time\" content=\"2024-03-13T21:39:43+00:00\" \/>\n<meta property=\"og:image\" content=\"https:\/\/quinorgan.com\/wp-content\/uploads\/2021\/06\/banner-1.jpg\" \/>\n\t<meta property=\"og:image:width\" content=\"1830\" \/>\n\t<meta property=\"og:image:height\" content=\"715\" \/>\n\t<meta property=\"og:image:type\" content=\"image\/jpeg\" \/>\n<meta name=\"twitter:card\" content=\"summary_large_image\" \/>\n<meta name=\"twitter:label1\" content=\"Est. reading time\" \/>\n\t<meta name=\"twitter:data1\" content=\"5 minutes\" \/>\n<script type=\"application\/ld+json\" class=\"yoast-schema-graph\">{\"@context\":\"https:\/\/schema.org\",\"@graph\":[{\"@type\":\"WebPage\",\"@id\":\"https:\/\/quinorgan.com\/en\/history\/\",\"url\":\"https:\/\/quinorgan.com\/en\/history\/\",\"name\":\"History - Four generations of family business\",\"isPartOf\":{\"@id\":\"https:\/\/quinorgan.com\/#website\"},\"primaryImageOfPage\":{\"@id\":\"https:\/\/quinorgan.com\/en\/history\/#primaryimage\"},\"image\":{\"@id\":\"https:\/\/quinorgan.com\/en\/history\/#primaryimage\"},\"thumbnailUrl\":\"https:\/\/quinorgan.com\/wp-content\/uploads\/2021\/06\/banner-1.jpg\",\"datePublished\":\"2021-06-21T10:20:18+00:00\",\"dateModified\":\"2024-03-13T21:39:43+00:00\",\"description\":\"History. In 1929, Ram\u00f3n Jov\u00e9 together with his partners, the Campi family, Campi i Jov\u00e9, a chemical materials distributor company, was found\",\"breadcrumb\":{\"@id\":\"https:\/\/quinorgan.com\/en\/history\/#breadcrumb\"},\"inLanguage\":\"en-US\",\"potentialAction\":[{\"@type\":\"ReadAction\",\"target\":[\"https:\/\/quinorgan.com\/en\/history\/\"]}]},{\"@type\":\"ImageObject\",\"inLanguage\":\"en-US\",\"@id\":\"https:\/\/quinorgan.com\/en\/history\/#primaryimage\",\"url\":\"https:\/\/quinorgan.com\/wp-content\/uploads\/2021\/06\/banner-1.jpg\",\"contentUrl\":\"https:\/\/quinorgan.com\/wp-content\/uploads\/2021\/06\/banner-1.jpg\",\"width\":1830,\"height\":715,\"caption\":\"history\"},{\"@type\":\"BreadcrumbList\",\"@id\":\"https:\/\/quinorgan.com\/en\/history\/#breadcrumb\",\"itemListElement\":[{\"@type\":\"ListItem\",\"position\":1,\"name\":\"Portada\",\"item\":\"https:\/\/quinorgan.com\/en\/\"},{\"@type\":\"ListItem\",\"position\":2,\"name\":\"History\"}]},{\"@type\":\"WebSite\",\"@id\":\"https:\/\/quinorgan.com\/#website\",\"url\":\"https:\/\/quinorgan.com\/\",\"name\":\"Quinorgan\",\"description\":\"Feel good chemistry\",\"potentialAction\":[{\"@type\":\"SearchAction\",\"target\":{\"@type\":\"EntryPoint\",\"urlTemplate\":\"https:\/\/quinorgan.com\/?s={search_term_string}\"},\"query-input\":{\"@type\":\"PropertyValueSpecification\",\"valueRequired\":true,\"valueName\":\"search_term_string\"}}],\"inLanguage\":\"en-US\"}]}<\/script>\n<!-- \/ Yoast SEO plugin. -->","yoast_head_json":{"title":"History - Four generations of family business","description":"History. In 1929, Ram\u00f3n Jov\u00e9 together with his partners, the Campi family, Campi i Jov\u00e9, a chemical materials distributor company, was found","robots":{"index":"index","follow":"follow","max-snippet":"max-snippet:-1","max-image-preview":"max-image-preview:large","max-video-preview":"max-video-preview:-1"},"canonical":"https:\/\/quinorgan.com\/en\/history\/","og_locale":"en_US","og_type":"article","og_title":"History - Four generations of family business","og_description":"History. In 1929, Ram\u00f3n Jov\u00e9 together with his partners, the Campi family, Campi i Jov\u00e9, a chemical materials distributor company, was found","og_url":"https:\/\/quinorgan.com\/en\/history\/","og_site_name":"Quinorgan","article_modified_time":"2024-03-13T21:39:43+00:00","og_image":[{"width":1830,"height":715,"url":"https:\/\/quinorgan.com\/wp-content\/uploads\/2021\/06\/banner-1.jpg","type":"image\/jpeg"}],"twitter_card":"summary_large_image","twitter_misc":{"Est. reading time":"5 minutes"},"schema":{"@context":"https:\/\/schema.org","@graph":[{"@type":"WebPage","@id":"https:\/\/quinorgan.com\/en\/history\/","url":"https:\/\/quinorgan.com\/en\/history\/","name":"History - Four generations of family business","isPartOf":{"@id":"https:\/\/quinorgan.com\/#website"},"primaryImageOfPage":{"@id":"https:\/\/quinorgan.com\/en\/history\/#primaryimage"},"image":{"@id":"https:\/\/quinorgan.com\/en\/history\/#primaryimage"},"thumbnailUrl":"https:\/\/quinorgan.com\/wp-content\/uploads\/2021\/06\/banner-1.jpg","datePublished":"2021-06-21T10:20:18+00:00","dateModified":"2024-03-13T21:39:43+00:00","description":"History. In 1929, Ram\u00f3n Jov\u00e9 together with his partners, the Campi family, Campi i Jov\u00e9, a chemical materials distributor company, was found","breadcrumb":{"@id":"https:\/\/quinorgan.com\/en\/history\/#breadcrumb"},"inLanguage":"en-US","potentialAction":[{"@type":"ReadAction","target":["https:\/\/quinorgan.com\/en\/history\/"]}]},{"@type":"ImageObject","inLanguage":"en-US","@id":"https:\/\/quinorgan.com\/en\/history\/#primaryimage","url":"https:\/\/quinorgan.com\/wp-content\/uploads\/2021\/06\/banner-1.jpg","contentUrl":"https:\/\/quinorgan.com\/wp-content\/uploads\/2021\/06\/banner-1.jpg","width":1830,"height":715,"caption":"history"},{"@type":"BreadcrumbList","@id":"https:\/\/quinorgan.com\/en\/history\/#breadcrumb","itemListElement":[{"@type":"ListItem","position":1,"name":"Portada","item":"https:\/\/quinorgan.com\/en\/"},{"@type":"ListItem","position":2,"name":"History"}]},{"@type":"WebSite","@id":"https:\/\/quinorgan.com\/#website","url":"https:\/\/quinorgan.com\/","name":"Quinorgan","description":"Feel good chemistry","potentialAction":[{"@type":"SearchAction","target":{"@type":"EntryPoint","urlTemplate":"https:\/\/quinorgan.com\/?s={search_term_string}"},"query-input":{"@type":"PropertyValueSpecification","valueRequired":true,"valueName":"search_term_string"}}],"inLanguage":"en-US"}]}},"_links":{"self":[{"href":"https:\/\/quinorgan.com\/en\/wp-json\/wp\/v2\/pages\/3728","targetHints":{"allow":["GET"]}}],"collection":[{"href":"https:\/\/quinorgan.com\/en\/wp-json\/wp\/v2\/pages"}],"about":[{"href":"https:\/\/quinorgan.com\/en\/wp-json\/wp\/v2\/types\/page"}],"author":[{"embeddable":true,"href":"https:\/\/quinorgan.com\/en\/wp-json\/wp\/v2\/users\/1"}],"replies":[{"embeddable":true,"href":"https:\/\/quinorgan.com\/en\/wp-json\/wp\/v2\/comments?post=3728"}],"version-history":[{"count":19,"href":"https:\/\/quinorgan.com\/en\/wp-json\/wp\/v2\/pages\/3728\/revisions"}],"predecessor-version":[{"id":5691,"href":"https:\/\/quinorgan.com\/en\/wp-json\/wp\/v2\/pages\/3728\/revisions\/5691"}],"wp:featuredmedia":[{"embeddable":true,"href":"https:\/\/quinorgan.com\/en\/wp-json\/wp\/v2\/media\/4155"}],"wp:attachment":[{"href":"https:\/\/quinorgan.com\/en\/wp-json\/wp\/v2\/media?parent=3728"}],"curies":[{"name":"wp","href":"https:\/\/api.w.org\/{rel}","templated":true}]}}